{"id":1355,"date":"2015-12-28T10:19:06","date_gmt":"2015-12-28T10:19:06","guid":{"rendered":"http:\/\/genmed.com.tr\/?page_id=1355"},"modified":"2020-01-28T13:43:50","modified_gmt":"2020-01-28T11:43:50","slug":"hakkimizda","status":"publish","type":"page","link":"https:\/\/www.genmed.com.tr\/index.php\/hakkimizda\/","title":{"rendered":"HAKKIMIZDA"},"content":{"rendered":"<p><b>GENMED Medikal ve Teknik Cihazlar Ticaret Limited \u015eirketi<\/b>,1985 y\u0131l\u0131ndan beri \u0130stanbul\u2019da Gentek ad\u0131 alt\u0131nda hizmet veren \u015firketimiz 2000 y\u0131l\u0131ndan itibaren GENMED ad\u0131n\u0131 alarak ba\u011f\u0131ms\u0131z bir \u015firket olarak faaliyetlerini s\u00fcrd\u00fcrmeye ba\u015flam\u0131\u015ft\u0131r.<\/p>\n<p>\u015eirketimiz, 30 y\u0131l\u0131 a\u015fk\u0131n s\u00fcredir medikal pazarda ba\u015far\u0131l\u0131 projelere imza atm\u0131\u015ft\u0131r ve sat\u0131\u015f, pazarlama ve teknik servis konular\u0131nda uzmanla\u015fmay\u0131 hedef alm\u0131\u015f, mevcut bulundu\u011fu pazarda g\u00fcvenilirli\u011fi, tecr\u00fcbesi, teknik bilgi seviyesi ve sat\u0131\u015f sonras\u0131 hizmetleri ile tercih edilen olmay\u0131 ba\u015farm\u0131\u015ft\u0131r.<\/p>\n<p>2018 y\u0131l\u0131ndan itibaren Genmed Medikal, sarf malzeme sekt\u00f6r\u00fcnde ba\u015far\u0131l\u0131 ad\u0131mlar atmaya ba\u015flam\u0131\u015ft\u0131r.<\/p>\n<p>&nbsp;<\/p>\n<p>&nbsp;<\/p>\n<p>&nbsp;<\/p>\n","protected":false},"excerpt":{"rendered":"<p>GENMED Medikal ve Teknik Cihazlar Ticaret Limited \u015eirketi,1985 y\u0131l\u0131ndan beri \u0130stanbul\u2019da Gentek ad\u0131 alt\u0131nda hizmet veren \u015firketimiz 2000 y\u0131l\u0131ndan itibaren GENMED ad\u0131n\u0131 alarak ba\u011f\u0131ms\u0131z bir \u015firket olarak faaliyetlerini s\u00fcrd\u00fcrmeye ba\u015flam\u0131\u015ft\u0131r. \u015eirketimiz, 30 y\u0131l\u0131 a\u015fk\u0131n s\u00fcredir medikal pazarda ba\u015far\u0131l\u0131 projelere imza atm\u0131\u015ft\u0131r ve sat\u0131\u015f, pazarlama ve teknik servis konular\u0131nda uzmanla\u015fmay\u0131 hedef alm\u0131\u015f, mevcut bulundu\u011fu pazarda g\u00fcvenilirli\u011fi, [&hellip;]<\/p>\n","protected":false},"author":1,"featured_media":0,"parent":0,"menu_order":0,"comment_status":"closed","ping_status":"open","template":"","meta":{"_links_to":"","_links_to_target":""},"_links":{"self":[{"href":"https:\/\/www.genmed.com.tr\/index.php\/wp-json\/wp\/v2\/pages\/1355"}],"collection":[{"href":"https:\/\/www.genmed.com.tr\/index.php\/wp-json\/wp\/v2\/pages"}],"about":[{"href":"https:\/\/www.genmed.com.tr\/index.php\/wp-json\/wp\/v2\/types\/page"}],"author":[{"embeddable":true,"href":"https:\/\/www.genmed.com.tr\/index.php\/wp-json\/wp\/v2\/users\/1"}],"replies":[{"embeddable":true,"href":"https:\/\/www.genmed.com.tr\/index.php\/wp-json\/wp\/v2\/comments?post=1355"}],"version-history":[{"count":6,"href":"https:\/\/www.genmed.com.tr\/index.php\/wp-json\/wp\/v2\/pages\/1355\/revisions"}],"predecessor-version":[{"id":1632,"href":"https:\/\/www.genmed.com.tr\/index.php\/wp-json\/wp\/v2\/pages\/1355\/revisions\/1632"}],"wp:attachment":[{"href":"https:\/\/www.genmed.com.tr\/index.php\/wp-json\/wp\/v2\/media?parent=1355"}],"curies":[{"name":"wp","href":"https:\/\/api.w.org\/{rel}","templated":true}]}}