{"id":6,"date":"2013-10-02T09:56:00","date_gmt":"2013-10-02T09:56:00","guid":{"rendered":"http:\/\/themes.oitentaecinco.com\/invicta-dummy\/?page_id=6"},"modified":"2019-02-14T18:10:28","modified_gmt":"2019-02-14T16:10:28","slug":"ana-sayfa","status":"publish","type":"page","link":"https:\/\/www.genmed.com.tr\/","title":{"rendered":"ANA SAYFA"},"content":{"rendered":"<div class=\"vc_row wpb_row vc_row-fluid\"><div class=\"wpb_column vc_column_container vc_col-sm-12\"><div class=\"wpb_wrapper\"><div class=\"vc_separator wpb_content_element vc_separator_align_center vc_sep_width_100 vc_sep_pos_align_center vc_sep_color_grey\"><span\n\t\tclass=\"vc_sep_holder vc_sep_holder_l\"><span\t\t\tclass=\"vc_sep_line\"><\/span><\/span>\t\t<h4>BAY\u0130L\u0130KLER\u0130M\u0130Z<\/h4><span\n\t\tclass=\"vc_sep_holder vc_sep_holder_r\"><span class=\"vc_sep_line\"><\/span><\/span>\n\t<\/div>\n<div class=\"invicta_partners\"><div class=\"partner accentcolor-text-on_children-on_hover inherit-color-on_children\"><img src=\"https:\/\/www.genmed.com.tr\/wp-content\/uploads\/2013\/10\/storzhlkas\u0131z.png\" alt=\"Karl Storz\" class=\"desaturate\" \/><\/div><div class=\"partner accentcolor-text-on_children-on_hover inherit-color-on_children\"><img src=\"https:\/\/www.genmed.com.tr\/wp-content\/uploads\/2013\/10\/storz-medicalhalkas\u0131z.png\" alt=\"Storz Medical\" class=\"desaturate\" \/><\/div><div class=\"partner accentcolor-text-on_children-on_hover inherit-color-on_children\"><img src=\"https:\/\/www.genmed.com.tr\/wp-content\/uploads\/2013\/10\/mtphalkas\u0131z.png\" alt=\"Mtp Technical\" class=\"desaturate\" \/><\/div><div class=\"partner accentcolor-text-on_children-on_hover inherit-color-on_children\"><img src=\"https:\/\/www.genmed.com.tr\/wp-content\/uploads\/2013\/10\/medartishlkas\u0131z.png\" alt=\"Medartis\" class=\"desaturate\" \/><\/div><div class=\"partner accentcolor-text-on_children-on_hover inherit-color-on_children\"><img src=\"https:\/\/www.genmed.com.tr\/wp-content\/uploads\/2013\/10\/trumpfhalkas\u0131z.png\" alt=\"Trumpf\" class=\"desaturate\" \/><\/div><\/div><\/div><\/div><\/div>\n","protected":false},"excerpt":{"rendered":"BAY\u0130L\u0130KLER\u0130M\u0130Z","protected":false},"author":1,"featured_media":0,"parent":0,"menu_order":0,"comment_status":"closed","ping_status":"closed","template":"","meta":{"_links_to":"","_links_to_target":""},"_links":{"self":[{"href":"https:\/\/www.genmed.com.tr\/index.php\/wp-json\/wp\/v2\/pages\/6"}],"collection":[{"href":"https:\/\/www.genmed.com.tr\/index.php\/wp-json\/wp\/v2\/pages"}],"about":[{"href":"https:\/\/www.genmed.com.tr\/index.php\/wp-json\/wp\/v2\/types\/page"}],"author":[{"embeddable":true,"href":"https:\/\/www.genmed.com.tr\/index.php\/wp-json\/wp\/v2\/users\/1"}],"replies":[{"embeddable":true,"href":"https:\/\/www.genmed.com.tr\/index.php\/wp-json\/wp\/v2\/comments?post=6"}],"version-history":[{"count":0,"href":"https:\/\/www.genmed.com.tr\/index.php\/wp-json\/wp\/v2\/pages\/6\/revisions"}],"wp:attachment":[{"href":"https:\/\/www.genmed.com.tr\/index.php\/wp-json\/wp\/v2\/media?parent=6"}],"curies":[{"name":"wp","href":"https:\/\/api.w.org\/{rel}","templated":true}]}}