{"id":89,"date":"2013-10-02T13:40:32","date_gmt":"2013-10-02T13:40:32","guid":{"rendered":"http:\/\/themes.oitentaecinco.com\/invicta-dummy\/?page_id=89"},"modified":"2019-02-14T18:10:29","modified_gmt":"2019-02-14T16:10:29","slug":"iletisim","status":"publish","type":"page","link":"https:\/\/www.genmed.com.tr\/index.php\/iletisim\/","title":{"rendered":"\u0130LET\u0130\u015e\u0130M"},"content":{"rendered":"<div class=\"vc_row wpb_row vc_row-fluid\"><div class=\"wpb_column vc_column_container vc_col-sm-12\"><div class=\"wpb_wrapper\"><div class=\"wpb_gmaps_widget wpb_content_element\">\n\t<div class=\"wpb_wrapper\">\n\t<div class=\"wpb_map_wraper\">\n\t\t<iframe src=\"https:\/\/www.google.com\/maps\/embed?pb=!1m18!1m12!1m3!1d24082.4404752595!2d29.0386848097326!3d41.01858142516552!2m3!1f0!2f0!3f0!3m2!1i1024!2i768!4f13.1!3m3!1m2!1s0x0%3A0x0!2zNDHCsDAxJzA2LjkiTiAyOcKwMDMnMjIuMyJF!5e0!3m2!1str!2str!4v1451296498620\" width=\"600\" height=\"500\" frameborder=\"0\" style=\"border:0\" allowfullscreen><\/iframe>\t<\/div>\n\t<\/div>\n\t<\/div>\n<\/div><\/div><\/div><div class=\"vc_row wpb_row vc_row-fluid\"><div class=\"wpb_column vc_column_container vc_col-sm-8\"><div class=\"wpb_wrapper\"><div class=\"invicta_heading left small\"><h2 class=\"primary\">\u0130LET\u0130\u015e\u0130M FORMU<\/h2><\/div><div role=\"form\" class=\"wpcf7\" id=\"wpcf7-f103-o1\" lang=\"en-US\" dir=\"ltr\">\n<div class=\"screen-reader-response\"><p role=\"status\" aria-live=\"polite\" aria-atomic=\"true\"><\/p> <ul><\/ul><\/div>\n<form action=\"\/index.php\/wp-json\/wp\/v2\/pages\/89#wpcf7-f103-o1\" method=\"post\" class=\"wpcf7-form init\" novalidate=\"novalidate\" data-status=\"init\">\n<div style=\"display: none;\">\n<input type=\"hidden\" name=\"_wpcf7\" value=\"103\" \/>\n<input type=\"hidden\" name=\"_wpcf7_version\" value=\"5.5.4\" \/>\n<input type=\"hidden\" name=\"_wpcf7_locale\" value=\"en_US\" \/>\n<input type=\"hidden\" name=\"_wpcf7_unit_tag\" value=\"wpcf7-f103-o1\" \/>\n<input type=\"hidden\" name=\"_wpcf7_container_post\" value=\"0\" \/>\n<input type=\"hidden\" name=\"_wpcf7_posted_data_hash\" value=\"\" \/>\n<\/div>\n<div class=\"form_field_group group_2\">\n<div class=\"form_field name\"><label>Ad\u0131n\u0131z<cite class=\"accentcolor-text\">*<\/cite><\/label><span class=\"wpcf7-form-control-wrap your-name\"><input type=\"text\" name=\"your-name\" value=\"\" size=\"40\" class=\"wpcf7-form-control wpcf7-text wpcf7-validates-as-required\" aria-required=\"true\" aria-invalid=\"false\" \/><\/span><\/div>\n<div class=\"form_field email\"><label>E-Posta<cite class=\"accentcolor-text\">*<\/cite><\/label><span class=\"wpcf7-form-control-wrap your-email\"><input type=\"email\" name=\"your-email\" value=\"\" size=\"40\" class=\"wpcf7-form-control wpcf7-text wpcf7-email wpcf7-validates-as-required wpcf7-validates-as-email\" aria-required=\"true\" aria-invalid=\"false\" \/><\/span><\/div>\n<\/div>\n<div class=\"form_field subject\"><label>Konu<\/label><span class=\"wpcf7-form-control-wrap your-subject\"><input type=\"text\" name=\"your-subject\" value=\"\" size=\"40\" class=\"wpcf7-form-control wpcf7-text\" aria-invalid=\"false\" \/><\/span><\/div>\n<div class=\"form_field message\"><label>Mesaj<cite class=\"accentcolor-text\">*<\/cite><\/label><span class=\"wpcf7-form-control-wrap your-message\"><textarea name=\"your-message\" cols=\"40\" rows=\"10\" class=\"wpcf7-form-control wpcf7-textarea wpcf7-validates-as-required\" aria-required=\"true\" aria-invalid=\"false\"><\/textarea><\/span><\/div>\n<div class=\"form_field send\"><input type=\"submit\" value=\"G\u00f6nder\" class=\"wpcf7-form-control has-spinner wpcf7-submit\" \/><\/div>\n<div class=\"wpcf7-response-output\" aria-hidden=\"true\"><\/div><\/form><\/div><\/div><\/div><div class=\"wpb_column vc_column_container vc_col-sm-4\"><div class=\"wpb_wrapper\"><div class=\"widget invicta_contacts\"><h3 class=\"widget_title\">\u0130LET\u0130\u015e\u0130M B\u0130LG\u0130LER\u0130<\/h3><ul class=\"contacts\"><li class=\"address\">K\u00fc\u00e7\u00fck\u00e7aml\u0131ca Mh. Ufuk Sk.<br \/>\nNo:2 34696 \u00dcsk\u00fcdar\/\u0130stanbul<\/li><li class=\"phone\">(216) 343 21 00 - (216) 334 26 83<br\/>(216) 492 76 24 - (216) 492 76 25 <br\/>Fax: (216) 334 71 08 <\/li><li class=\"email accentcolor-text-on_children-on_hover\"><a href=\"mailto:info@genmed.com.tr\">info@genmed.com.tr<\/a><br\/><\/li><\/ul><\/div><\/div><\/div><\/div>\n","protected":false},"excerpt":{"rendered":"\u0130LET\u0130\u015e\u0130M FORMU Ad\u0131n\u0131z* E-Posta* Konu Mesaj* \u0130LET\u0130\u015e\u0130M B\u0130LG\u0130LER\u0130K\u00fc\u00e7\u00fck\u00e7aml\u0131ca Mh. Ufuk Sk. No:2 34696 \u00dcsk\u00fcdar\/\u0130stanbul(216) 343 21 00 - (216) 334 26 83(216) 492 76 24 - (216) 492 76 25 Fax: (216) 334 71 08 info@genmed.com.tr","protected":false},"author":1,"featured_media":0,"parent":0,"menu_order":6,"comment_status":"closed","ping_status":"closed","template":"","meta":{"_links_to":"","_links_to_target":""},"_links":{"self":[{"href":"https:\/\/www.genmed.com.tr\/index.php\/wp-json\/wp\/v2\/pages\/89"}],"collection":[{"href":"https:\/\/www.genmed.com.tr\/index.php\/wp-json\/wp\/v2\/pages"}],"about":[{"href":"https:\/\/www.genmed.com.tr\/index.php\/wp-json\/wp\/v2\/types\/page"}],"author":[{"embeddable":true,"href":"https:\/\/www.genmed.com.tr\/index.php\/wp-json\/wp\/v2\/users\/1"}],"replies":[{"embeddable":true,"href":"https:\/\/www.genmed.com.tr\/index.php\/wp-json\/wp\/v2\/comments?post=89"}],"version-history":[{"count":1,"href":"https:\/\/www.genmed.com.tr\/index.php\/wp-json\/wp\/v2\/pages\/89\/revisions"}],"predecessor-version":[{"id":1633,"href":"https:\/\/www.genmed.com.tr\/index.php\/wp-json\/wp\/v2\/pages\/89\/revisions\/1633"}],"wp:attachment":[{"href":"https:\/\/www.genmed.com.tr\/index.php\/wp-json\/wp\/v2\/media?parent=89"}],"curies":[{"name":"wp","href":"https:\/\/api.w.org\/{rel}","templated":true}]}}